{"id":3711,"date":"2020-12-22T14:59:30","date_gmt":"2020-12-22T13:59:30","guid":{"rendered":"https:\/\/genuinewines.com\/en\/?page_id=3711"},"modified":"2021-03-26T16:02:50","modified_gmt":"2021-03-26T15:02:50","slug":"cooking-with-figuiere-provence","status":"publish","type":"page","link":"https:\/\/genuinewines.com\/en\/cooking-with-genuine-wines\/cooking-with-figuiere-provence\/","title":{"rendered":"Cooking with Figui\u00e8re &#8211; Provence"},"content":{"rendered":"\n<h2 class=\"has-text-align-center has-central-palette-4-color has-central-palette-3-background-color has-text-color has-background wp-block-heading\" style=\"font-size:50px\">Free-Range Chicken au Jus &amp; Green Cabbage <\/h2>\n\n\n\n<p>Provence is a wonderful place to be not just in the summer, but all year around!  At <a href=\"https:\/\/genuinewines.com\/en\/domaines\/saint-andre-de-figuiere-provence\/\">Figui\u00e8re<\/a>, the large part of their winemaking is devoted to ros\u00e9, but when the temperatures get a little chilly, they are quick to raid the Winery Cellar for a bottle of comforting Red!  This winter dish of roasted chicken served with its jus and green cabbage is the perfect pairing with Figuiere #2 &#8211; one of Figui\u00e8re&#8217;s red cuv\u00e9es from the Les Exp\u00e9rimentales range.<\/p>\n\n\n\n<figure class=\"wp-block-image size-large\"><img decoding=\"async\" src=\"https:\/\/mcusercontent.com\/8cc45cf08bf7beaf6f607b870\/images\/1e7061c7-c116-489c-be92-78443b6f3e34.jpg\" alt=\"\"\/><\/figure>\n\n\n\n<p><strong><u>Ingredients for 6-8 people<\/u><\/strong><\/p>\n\n\n\n<ul class=\"wp-block-list\"><li>1 free-range chicken, about 2.5kg<\/li><li>1 onion &#8211; cut in coarse slices<\/li><li>200 g of lean smoked bacon<\/li><li>25cl of white or ros\u00e9 wine (of your choice)<\/li><li>1 beautiful green cabbage<\/li><li>3 TBSP of olive oil <\/li><li>3 branches of fresh Thyme<\/li><li>2 Bay leaves<\/li><li>3 big pinches of sea salt (sel de Gu\u00e9rande)<\/li><li>Pepper<\/li><li>3 Teaspoons of salted butter<\/li><\/ul>\n\n\n\n<figure class=\"wp-block-image size-large\"><img decoding=\"async\" src=\"https:\/\/mcusercontent.com\/8cc45cf08bf7beaf6f607b870\/images\/0bbc4035-355c-41b2-9871-3db34516108e.png\" alt=\"\"\/><\/figure>\n\n\n\n<h2 class=\"wp-block-heading\"><span style=\"text-decoration: underline;\">Preparation:<\/span><\/h2>\n\n\n\n<p>1\/ In a cast iron casserole (Dutch Oven), brown the chicken in olive oil and a few pinches of coarse Gu\u00e9rande sea salt on low heat. Remove chicken and set aside, then brown the onion the bacon. Remove the bacon and onion once they are well browned and deglaze the bottom of the casserole dish with the white or ros\u00e9 wine. Bring to a boil.  Add the chicken, onions, bacon, thyme sprigs and bay leaves back to the cast iron. Cover with the lid and simmer over low heat for 30 to 40 minutes (with a knife, make sure the flesh is white to the bone). If necessary, add more water during cooking.<\/p>\n\n\n\n<p>2\/  After having rinsed under water and cleaned\/removed its first outer leaves, cut the cabbage in thick slices across its width. In a large pot, blanch slightly with steam vapor.  Drain of excess moisture. Then fry it (make it sweat) over a low heat in a frying pan with the butter.<\/p>\n\n\n\n<p>3\/ 15 minutes before serving, place the cabbage in the bottom of the cast iron, in the chicken&#8217;s cooking juice. Let it simmer until serving, lid closed.<\/p>\n\n\n\n<p><strong>To serve with Figure #2&nbsp;: C\u00f4tes de Provence Red, 2019<\/strong><\/p>\n\n\n\n<p>The wine&#8217;s notes of garrigue and its beautiful structure will combine with cooking juices and thyme in the dish, aromatically and texturally harmonising with the tender poultry meat, and crunchy saut\u00e9ed cabbage.<\/p>\n\n\n\n<h2 class=\"wp-block-heading\">Bon App\u00e9tit! <\/h2>\n","protected":false},"excerpt":{"rendered":"<p>Free-Range Chicken au Jus &amp; Green Cabbage Provence is a wonderful place to be not just in the summer, but all year around! At Figui\u00e8re, the large part of their winemaking is devoted to ros\u00e9, but when the temperatures get a little chilly, they are quick to raid the Winery Cellar for a bottle of [&hellip;]<\/p>\n","protected":false},"author":2,"featured_media":0,"parent":3697,"menu_order":0,"comment_status":"closed","ping_status":"closed","template":"","meta":{"inline_featured_image":false,"csbAdvScrollBarCursor":"","ocean_post_layout":"left-sidebar","ocean_both_sidebars_style":"","ocean_both_sidebars_content_width":0,"ocean_both_sidebars_sidebars_width":0,"ocean_sidebar":"ocs-sidebar-recipes-pages","ocean_second_sidebar":"0","ocean_disable_margins":"enable","ocean_add_body_class":"","ocean_shortcode_before_top_bar":"","ocean_shortcode_after_top_bar":"","ocean_shortcode_before_header":"","ocean_shortcode_after_header":"","ocean_has_shortcode":"","ocean_shortcode_after_title":"","ocean_shortcode_before_footer_widgets":"","ocean_shortcode_after_footer_widgets":"","ocean_shortcode_before_footer_bottom":"","ocean_shortcode_after_footer_bottom":"","ocean_display_top_bar":"default","ocean_display_header":"default","ocean_header_style":"","ocean_center_header_left_menu":"0","ocean_custom_header_template":"0","ocean_custom_logo":0,"ocean_custom_retina_logo":0,"ocean_custom_logo_max_width":0,"ocean_custom_logo_tablet_max_width":0,"ocean_custom_logo_mobile_max_width":0,"ocean_custom_logo_max_height":0,"ocean_custom_logo_tablet_max_height":0,"ocean_custom_logo_mobile_max_height":0,"ocean_header_custom_menu":"0","ocean_menu_typo_font_family":"0","ocean_menu_typo_font_subset":"","ocean_menu_typo_font_size":0,"ocean_menu_typo_font_size_tablet":0,"ocean_menu_typo_font_size_mobile":0,"ocean_menu_typo_font_size_unit":"px","ocean_menu_typo_font_weight":"","ocean_menu_typo_font_weight_tablet":"","ocean_menu_typo_font_weight_mobile":"","ocean_menu_typo_transform":"","ocean_menu_typo_transform_tablet":"","ocean_menu_typo_transform_mobile":"","ocean_menu_typo_line_height":0,"ocean_menu_typo_line_height_tablet":0,"ocean_menu_typo_line_height_mobile":0,"ocean_menu_typo_line_height_unit":"","ocean_menu_typo_spacing":0,"ocean_menu_typo_spacing_tablet":0,"ocean_menu_typo_spacing_mobile":0,"ocean_menu_typo_spacing_unit":"","ocean_menu_link_color":"","ocean_menu_link_color_hover":"","ocean_menu_link_color_active":"","ocean_menu_link_background":"","ocean_menu_link_hover_background":"","ocean_menu_link_active_background":"","ocean_menu_social_links_bg":"","ocean_menu_social_hover_links_bg":"","ocean_menu_social_links_color":"","ocean_menu_social_hover_links_color":"","ocean_disable_title":"default","ocean_disable_heading":"default","ocean_post_title":"","ocean_post_subheading":"","ocean_post_title_style":"","ocean_post_title_background_color":"","ocean_post_title_background":0,"ocean_post_title_bg_image_position":"","ocean_post_title_bg_image_attachment":"","ocean_post_title_bg_image_repeat":"","ocean_post_title_bg_image_size":"","ocean_post_title_height":0,"ocean_post_title_bg_overlay":0.5,"ocean_post_title_bg_overlay_color":"","ocean_disable_breadcrumbs":"default","ocean_breadcrumbs_color":"","ocean_breadcrumbs_separator_color":"","ocean_breadcrumbs_links_color":"","ocean_breadcrumbs_links_hover_color":"","ocean_display_footer_widgets":"default","ocean_display_footer_bottom":"default","ocean_custom_footer_template":"0","footnotes":""},"class_list":["post-3711","page","type-page","status-publish","hentry","entry"],"yoast_head":"<!-- This site is optimized with the Yoast SEO plugin v27.4 - https:\/\/yoast.com\/product\/yoast-seo-wordpress\/ -->\n<title>Cooking with Figui\u00e8re - Provence &#8226; Genuine Wines<\/title>\n<meta name=\"description\" content=\"Cooking with Figui\u00e8re \u2013 Provence : Free-Range Chicken au Jus &amp; Green Cabbage\" \/>\n<meta name=\"robots\" content=\"index, follow, max-snippet:-1, max-image-preview:large, max-video-preview:-1\" \/>\n<link rel=\"canonical\" href=\"https:\/\/genuinewines.com\/en\/cooking-with-genuine-wines\/cooking-with-figuiere-provence\/\" \/>\n<meta property=\"og:locale\" content=\"en_GB\" \/>\n<meta property=\"og:type\" content=\"article\" \/>\n<meta property=\"og:title\" content=\"Cooking with Figui\u00e8re - Provence &#8226; Genuine Wines\" \/>\n<meta property=\"og:description\" content=\"Cooking with Figui\u00e8re \u2013 Provence : Free-Range Chicken au Jus &amp; Green Cabbage\" \/>\n<meta property=\"og:url\" content=\"https:\/\/genuinewines.com\/en\/cooking-with-genuine-wines\/cooking-with-figuiere-provence\/\" \/>\n<meta property=\"og:site_name\" content=\"Genuine Wines\" \/>\n<meta property=\"article:publisher\" content=\"https:\/\/www.facebook.com\/GenuineWines\/\" \/>\n<meta property=\"article:modified_time\" content=\"2021-03-26T15:02:50+00:00\" \/>\n<meta property=\"og:image\" content=\"https:\/\/mcusercontent.com\/8cc45cf08bf7beaf6f607b870\/images\/1e7061c7-c116-489c-be92-78443b6f3e34.jpg\" \/>\n<meta name=\"twitter:label1\" content=\"Estimated reading time\" \/>\n\t<meta name=\"twitter:data1\" content=\"3 minutes\" \/>\n<script type=\"application\/ld+json\" class=\"yoast-schema-graph\">{\"@context\":\"https:\\\/\\\/schema.org\",\"@graph\":[{\"@type\":\"WebPage\",\"@id\":\"https:\\\/\\\/genuinewines.com\\\/en\\\/cooking-with-genuine-wines\\\/cooking-with-figuiere-provence\\\/\",\"url\":\"https:\\\/\\\/genuinewines.com\\\/en\\\/cooking-with-genuine-wines\\\/cooking-with-figuiere-provence\\\/\",\"name\":\"Cooking with Figui\u00e8re - Provence &#8226; Genuine Wines\",\"isPartOf\":{\"@id\":\"http:\\\/\\\/genuinewines.com\\\/en\\\/#website\"},\"primaryImageOfPage\":{\"@id\":\"https:\\\/\\\/genuinewines.com\\\/en\\\/cooking-with-genuine-wines\\\/cooking-with-figuiere-provence\\\/#primaryimage\"},\"image\":{\"@id\":\"https:\\\/\\\/genuinewines.com\\\/en\\\/cooking-with-genuine-wines\\\/cooking-with-figuiere-provence\\\/#primaryimage\"},\"thumbnailUrl\":\"https:\\\/\\\/mcusercontent.com\\\/8cc45cf08bf7beaf6f607b870\\\/images\\\/1e7061c7-c116-489c-be92-78443b6f3e34.jpg\",\"datePublished\":\"2020-12-22T13:59:30+00:00\",\"dateModified\":\"2021-03-26T15:02:50+00:00\",\"description\":\"Cooking with Figui\u00e8re \u2013 Provence : Free-Range Chicken au Jus & Green Cabbage\",\"breadcrumb\":{\"@id\":\"https:\\\/\\\/genuinewines.com\\\/en\\\/cooking-with-genuine-wines\\\/cooking-with-figuiere-provence\\\/#breadcrumb\"},\"inLanguage\":\"en-GB\",\"potentialAction\":[{\"@type\":\"ReadAction\",\"target\":[\"https:\\\/\\\/genuinewines.com\\\/en\\\/cooking-with-genuine-wines\\\/cooking-with-figuiere-provence\\\/\"]}]},{\"@type\":\"ImageObject\",\"inLanguage\":\"en-GB\",\"@id\":\"https:\\\/\\\/genuinewines.com\\\/en\\\/cooking-with-genuine-wines\\\/cooking-with-figuiere-provence\\\/#primaryimage\",\"url\":\"https:\\\/\\\/mcusercontent.com\\\/8cc45cf08bf7beaf6f607b870\\\/images\\\/1e7061c7-c116-489c-be92-78443b6f3e34.jpg\",\"contentUrl\":\"https:\\\/\\\/mcusercontent.com\\\/8cc45cf08bf7beaf6f607b870\\\/images\\\/1e7061c7-c116-489c-be92-78443b6f3e34.jpg\"},{\"@type\":\"BreadcrumbList\",\"@id\":\"https:\\\/\\\/genuinewines.com\\\/en\\\/cooking-with-genuine-wines\\\/cooking-with-figuiere-provence\\\/#breadcrumb\",\"itemListElement\":[{\"@type\":\"ListItem\",\"position\":1,\"name\":\"Home\",\"item\":\"https:\\\/\\\/genuinewines.com\\\/en\\\/\"},{\"@type\":\"ListItem\",\"position\":2,\"name\":\"Cooking with Genuine Wines\",\"item\":\"https:\\\/\\\/genuinewines.com\\\/en\\\/cooking-with-genuine-wines\\\/\"},{\"@type\":\"ListItem\",\"position\":3,\"name\":\"Cooking with Figui\u00e8re &#8211; Provence\"}]},{\"@type\":\"WebSite\",\"@id\":\"http:\\\/\\\/genuinewines.com\\\/en\\\/#website\",\"url\":\"http:\\\/\\\/genuinewines.com\\\/en\\\/\",\"name\":\"Genuine Wines\",\"description\":\"English language version of Genuine Wines website\",\"publisher\":{\"@id\":\"http:\\\/\\\/genuinewines.com\\\/en\\\/#organization\"},\"potentialAction\":[{\"@type\":\"SearchAction\",\"target\":{\"@type\":\"EntryPoint\",\"urlTemplate\":\"http:\\\/\\\/genuinewines.com\\\/en\\\/?s={search_term_string}\"},\"query-input\":{\"@type\":\"PropertyValueSpecification\",\"valueRequired\":true,\"valueName\":\"search_term_string\"}}],\"inLanguage\":\"en-GB\"},{\"@type\":\"Organization\",\"@id\":\"http:\\\/\\\/genuinewines.com\\\/en\\\/#organization\",\"name\":\"Genuine Wines\",\"url\":\"http:\\\/\\\/genuinewines.com\\\/en\\\/\",\"logo\":{\"@type\":\"ImageObject\",\"inLanguage\":\"en-GB\",\"@id\":\"http:\\\/\\\/genuinewines.com\\\/en\\\/#\\\/schema\\\/logo\\\/image\\\/\",\"url\":\"https:\\\/\\\/genuinewines.com\\\/en\\\/wp-content\\\/uploads\\\/sites\\\/3\\\/2025\\\/09\\\/Logo_noir_GenuineWines.svg\",\"contentUrl\":\"https:\\\/\\\/genuinewines.com\\\/en\\\/wp-content\\\/uploads\\\/sites\\\/3\\\/2025\\\/09\\\/Logo_noir_GenuineWines.svg\",\"caption\":\"Genuine Wines\"},\"image\":{\"@id\":\"http:\\\/\\\/genuinewines.com\\\/en\\\/#\\\/schema\\\/logo\\\/image\\\/\"},\"sameAs\":[\"https:\\\/\\\/www.facebook.com\\\/GenuineWines\\\/\",\"https:\\\/\\\/www.instagram.com\\\/genuinewines\\\/\",\"https:\\\/\\\/www.linkedin.com\\\/company\\\/27114733\\\/\"]}]}<\/script>\n<!-- \/ Yoast SEO plugin. -->","yoast_head_json":{"title":"Cooking with Figui\u00e8re - Provence &#8226; Genuine Wines","description":"Cooking with Figui\u00e8re \u2013 Provence : Free-Range Chicken au Jus & Green Cabbage","robots":{"index":"index","follow":"follow","max-snippet":"max-snippet:-1","max-image-preview":"max-image-preview:large","max-video-preview":"max-video-preview:-1"},"canonical":"https:\/\/genuinewines.com\/en\/cooking-with-genuine-wines\/cooking-with-figuiere-provence\/","og_locale":"en_GB","og_type":"article","og_title":"Cooking with Figui\u00e8re - Provence &#8226; Genuine Wines","og_description":"Cooking with Figui\u00e8re \u2013 Provence : Free-Range Chicken au Jus & Green Cabbage","og_url":"https:\/\/genuinewines.com\/en\/cooking-with-genuine-wines\/cooking-with-figuiere-provence\/","og_site_name":"Genuine Wines","article_publisher":"https:\/\/www.facebook.com\/GenuineWines\/","article_modified_time":"2021-03-26T15:02:50+00:00","og_image":[{"url":"https:\/\/mcusercontent.com\/8cc45cf08bf7beaf6f607b870\/images\/1e7061c7-c116-489c-be92-78443b6f3e34.jpg","type":"","width":"","height":""}],"twitter_misc":{"Estimated reading time":"3 minutes"},"schema":{"@context":"https:\/\/schema.org","@graph":[{"@type":"WebPage","@id":"https:\/\/genuinewines.com\/en\/cooking-with-genuine-wines\/cooking-with-figuiere-provence\/","url":"https:\/\/genuinewines.com\/en\/cooking-with-genuine-wines\/cooking-with-figuiere-provence\/","name":"Cooking with Figui\u00e8re - Provence &#8226; Genuine Wines","isPartOf":{"@id":"http:\/\/genuinewines.com\/en\/#website"},"primaryImageOfPage":{"@id":"https:\/\/genuinewines.com\/en\/cooking-with-genuine-wines\/cooking-with-figuiere-provence\/#primaryimage"},"image":{"@id":"https:\/\/genuinewines.com\/en\/cooking-with-genuine-wines\/cooking-with-figuiere-provence\/#primaryimage"},"thumbnailUrl":"https:\/\/mcusercontent.com\/8cc45cf08bf7beaf6f607b870\/images\/1e7061c7-c116-489c-be92-78443b6f3e34.jpg","datePublished":"2020-12-22T13:59:30+00:00","dateModified":"2021-03-26T15:02:50+00:00","description":"Cooking with Figui\u00e8re \u2013 Provence : Free-Range Chicken au Jus & Green Cabbage","breadcrumb":{"@id":"https:\/\/genuinewines.com\/en\/cooking-with-genuine-wines\/cooking-with-figuiere-provence\/#breadcrumb"},"inLanguage":"en-GB","potentialAction":[{"@type":"ReadAction","target":["https:\/\/genuinewines.com\/en\/cooking-with-genuine-wines\/cooking-with-figuiere-provence\/"]}]},{"@type":"ImageObject","inLanguage":"en-GB","@id":"https:\/\/genuinewines.com\/en\/cooking-with-genuine-wines\/cooking-with-figuiere-provence\/#primaryimage","url":"https:\/\/mcusercontent.com\/8cc45cf08bf7beaf6f607b870\/images\/1e7061c7-c116-489c-be92-78443b6f3e34.jpg","contentUrl":"https:\/\/mcusercontent.com\/8cc45cf08bf7beaf6f607b870\/images\/1e7061c7-c116-489c-be92-78443b6f3e34.jpg"},{"@type":"BreadcrumbList","@id":"https:\/\/genuinewines.com\/en\/cooking-with-genuine-wines\/cooking-with-figuiere-provence\/#breadcrumb","itemListElement":[{"@type":"ListItem","position":1,"name":"Home","item":"https:\/\/genuinewines.com\/en\/"},{"@type":"ListItem","position":2,"name":"Cooking with Genuine Wines","item":"https:\/\/genuinewines.com\/en\/cooking-with-genuine-wines\/"},{"@type":"ListItem","position":3,"name":"Cooking with Figui\u00e8re &#8211; Provence"}]},{"@type":"WebSite","@id":"http:\/\/genuinewines.com\/en\/#website","url":"http:\/\/genuinewines.com\/en\/","name":"Genuine Wines","description":"English language version of Genuine Wines website","publisher":{"@id":"http:\/\/genuinewines.com\/en\/#organization"},"potentialAction":[{"@type":"SearchAction","target":{"@type":"EntryPoint","urlTemplate":"http:\/\/genuinewines.com\/en\/?s={search_term_string}"},"query-input":{"@type":"PropertyValueSpecification","valueRequired":true,"valueName":"search_term_string"}}],"inLanguage":"en-GB"},{"@type":"Organization","@id":"http:\/\/genuinewines.com\/en\/#organization","name":"Genuine Wines","url":"http:\/\/genuinewines.com\/en\/","logo":{"@type":"ImageObject","inLanguage":"en-GB","@id":"http:\/\/genuinewines.com\/en\/#\/schema\/logo\/image\/","url":"https:\/\/genuinewines.com\/en\/wp-content\/uploads\/sites\/3\/2025\/09\/Logo_noir_GenuineWines.svg","contentUrl":"https:\/\/genuinewines.com\/en\/wp-content\/uploads\/sites\/3\/2025\/09\/Logo_noir_GenuineWines.svg","caption":"Genuine Wines"},"image":{"@id":"http:\/\/genuinewines.com\/en\/#\/schema\/logo\/image\/"},"sameAs":["https:\/\/www.facebook.com\/GenuineWines\/","https:\/\/www.instagram.com\/genuinewines\/","https:\/\/www.linkedin.com\/company\/27114733\/"]}]}},"_links":{"self":[{"href":"https:\/\/genuinewines.com\/en\/wp-json\/wp\/v2\/pages\/3711","targetHints":{"allow":["GET"]}}],"collection":[{"href":"https:\/\/genuinewines.com\/en\/wp-json\/wp\/v2\/pages"}],"about":[{"href":"https:\/\/genuinewines.com\/en\/wp-json\/wp\/v2\/types\/page"}],"author":[{"embeddable":true,"href":"https:\/\/genuinewines.com\/en\/wp-json\/wp\/v2\/users\/2"}],"replies":[{"embeddable":true,"href":"https:\/\/genuinewines.com\/en\/wp-json\/wp\/v2\/comments?post=3711"}],"version-history":[{"count":8,"href":"https:\/\/genuinewines.com\/en\/wp-json\/wp\/v2\/pages\/3711\/revisions"}],"predecessor-version":[{"id":4223,"href":"https:\/\/genuinewines.com\/en\/wp-json\/wp\/v2\/pages\/3711\/revisions\/4223"}],"up":[{"embeddable":true,"href":"https:\/\/genuinewines.com\/en\/wp-json\/wp\/v2\/pages\/3697"}],"wp:attachment":[{"href":"https:\/\/genuinewines.com\/en\/wp-json\/wp\/v2\/media?parent=3711"}],"curies":[{"name":"wp","href":"https:\/\/api.w.org\/{rel}","templated":true}]}}