{"id":4198,"date":"2020-12-16T15:41:41","date_gmt":"2020-12-16T14:41:41","guid":{"rendered":"https:\/\/genuinewines.com\/testdev\/?page_id=4198"},"modified":"2021-03-22T13:42:07","modified_gmt":"2021-03-22T12:42:07","slug":"protection-des-donnees-personnelles","status":"publish","type":"page","link":"https:\/\/genuinewines.com\/cn\/genuine-wines\/protection-des-donnees-personnelles\/","title":{"rendered":"Protection des donn\u00e9es personnelles"},"content":{"rendered":"\n<h2 class=\"wp-block-heading\">D\u00e9finitions<\/h2>\n\n\n\n<p>Les termes utilis\u00e9s ont la d\u00e9finition suivante :<\/p>\n\n\n\n<ul class=\"wp-block-list\"><li>Le Site : d\u00e9signe le site internet accessible \u00e0 l&#8217;adresse URL de la pr\u00e9sente politique ;&nbsp;<\/li><li>L&#8217;Editeur : d\u00e9signe l&#8217;organisation responsable du Site, telle que d\u00e9finies dans les Mentions L\u00e9gales accessibles sur le Site ;<\/li><li>Donn\u00e9es \u00e0 caract\u00e8re personnel : d\u00e9signent toutes informations permettant d\u2019identifier directement ou indirectement une personne physique ;&nbsp;<\/li><li>Traitement de donn\u00e9es \u00e0 caract\u00e8re personnel : toute op\u00e9ration portant sur des Donn\u00e9es \u00e0 caract\u00e8re personnel quel que soit le proc\u00e9d\u00e9 utilis\u00e9, tel que la collecte ou l\u2019enregistrement de donn\u00e9es ;&nbsp;<\/li><li>Visiteur : d\u00e9signe toute personne qui navigue et utilise le Site ;&nbsp;<\/li><li>Abonn\u00e9 newsletter : d\u00e9signe tout Visiteur communiquant les informations ad\u00e9quates pour recevoir la newsletter de l&#8217;Editeur.<\/li><\/ul>\n\n\n\n<p>La pr\u00e9sente politique a pour objet de d\u00e9finir la mani\u00e8re dont les donn\u00e9es des visiteurs du Site sont trait\u00e9es par l&#8217;Editeur. Les termes non-d\u00e9finis dans cet article sont consid\u00e9r\u00e9s reprendre les d\u00e9finitions du R\u00e8glement G\u00e9n\u00e9ral sur la Protection des Donn\u00e9es.<\/p>\n\n\n\n<h2 class=\"wp-block-heading\">Modalit\u00e9s de collecte des donn\u00e9es \u00e0 caract\u00e8re personnel<\/h2>\n\n\n\n<p>Les informations recueillies par le biais du Site sont enregistr\u00e9es dans un fichier informatique par l&#8217;Editeur. Les Donn\u00e9es \u00e0 caract\u00e8re personnel vous concernant seront trait\u00e9es pour les finalit\u00e9s suivantes :<\/p>\n\n\n\n<ul class=\"wp-block-list\"><li>La mise \u00e0 disposition de contenus sur le Site ;<\/li><li>L\u2019instruction de toute demande adress\u00e9e par les Visiteurs ;&nbsp;<\/li><li>L\u2019\u00e9valuation statistique de la fr\u00e9quentation du Site ;&nbsp;<\/li><li>L\u2019envoi d\u2019une lettre d\u2019information sur l\u2019actualit\u00e9 de l&#8217;Editeur ;<\/li><li>La gestion des op\u00e9rations de communication de l&#8217;Editeur, quels que soient les moyens utilis\u00e9s.<\/li><\/ul>\n\n\n\n<h2 class=\"wp-block-heading\">Traitement et conservation des donn\u00e9es \u00e0 caract\u00e8re personnel<\/h2>\n\n\n\n<h3 class=\"wp-block-heading\">Sous-traitants<\/h3>\n\n\n\n<p>L&#8217;Editeur est susceptible d\u2019avoir recours \u00e0 des prestataires techniques \u00e0 l\u2019occasion des traitement de donn\u00e9es qu\u2019il met en \u0153uvre. Certains des prestataires de l&#8217;Editeur peuvent avoir des activit\u00e9s dans des pays situ\u00e9s en dehors de l\u2019Union Europ\u00e9enne.<\/p>\n\n\n\n<p>Soucieux du respect de la vie priv\u00e9e des Visiteurs, l&#8217;Editeur s\u2019assure que le niveau de protection de leurs donn\u00e9es est garanti conform\u00e9ment \u00e0 la r\u00e8glementation en vigueur, notamment en v\u00e9rifiant que le pays destinataire des donn\u00e9es pr\u00e9sente une protection ad\u00e9quate au regard de la r\u00e9glementation en vigueur. Pour plus d\u2019information sur l\u2019encadrement des flux transfrontaliers, vous pouvez contacter l&#8217;Editeur \u00e0 l&#8217;adresse mise \u00e0 disposition dans les Mentions l\u00e9gales du Site.&nbsp;<\/p>\n\n\n\n<h3 class=\"wp-block-heading\">Conservation des Donn\u00e9es \u00e0 caract\u00e8re personnel<\/h3>\n\n\n\n<p>L&#8217;Editeur conserve les Donn\u00e9es \u00e0 caract\u00e8re personnel relatives aux Visiteurs pour la dur\u00e9e strictement n\u00e9cessaire \u00e0 la r\u00e9alisation des finalit\u00e9s du traitement, \u00e0 moins que le Visiteur n\u2019ait autoris\u00e9 l&#8217;Editeur \u00e0 conserver ses donn\u00e9es pour une utilisation ult\u00e9rieure.<\/p>\n\n\n\n<p>Les donn\u00e9es \u00e0 caract\u00e8re personnel des Visiteurs seront conserv\u00e9es jusqu\u2019au retrait du consentement du Visiteur ou de l\u2019exercice de son droit d\u2019opposition.<\/p>\n\n\n\n<h3 class=\"wp-block-heading\">Vos droits<\/h3>\n\n\n\n<p>Conform\u00e9ment \u00e0 la r\u00e9glementation en vigueur, vous disposez d\u2019un droit d\u2019opposition et d\u2019un droit \u00e0 la limitation du traitement des Donn\u00e9es \u00e0 caract\u00e8re personnel vous concernant, ainsi que d\u2019un droit d\u2019acc\u00e8s, de rectification, de portabilit\u00e9 et d\u2019effacement de vos Donn\u00e9es \u00e0 caract\u00e8re personnel.<\/p>\n\n\n\n<p>Vous disposez \u00e9galement de la facult\u00e9 de donner des instructions \u00e0 l&#8217;Editeur sur le sort de vos Donn\u00e9es \u00e0 caract\u00e8re apr\u00e8s votre d\u00e9c\u00e8s.<\/p>\n\n\n\n<p>L\u2019exercice des droits d\u2019opposition, d\u2019effacement, ainsi que du droit \u00e0 la limitation des traitements, est soumis \u00e0 conditions et peut \u00eatre refus\u00e9 par l&#8217;Editeur si les demandes d\u2019exercice de ces droits ne correspondent pas aux situations pr\u00e9vues par la r\u00e8glementation en mati\u00e8re de Donn\u00e9es \u00e0 caract\u00e8re personnel.<\/p>\n\n\n\n<p>Toutes les fois o\u00f9 un traitement de Donn\u00e9es \u00e0 caract\u00e8re personnel est mis en \u0153uvre sur le fondement de votre consentement, vous pouvez retirer votre consentement \u00e0 tout moment en informant l&#8217;Editeur \u00e0 l\u2019adresse \u00e9lectronique pr\u00e9sente dans les Mentions l\u00e9gales du Site.<\/p>\n\n\n\n<p>Vous pouvez exercer vos droits en nous adressant votre demande accompagn\u00e9e d\u2019une copie de votre pi\u00e8ce d\u2019identit\u00e9 (passeport, carte d\u2019identit\u00e9) \u00e0 l\u2019adresse \u00e9lectronique pr\u00e9sente dans les Mentions l\u00e9gales du Site.<\/p>\n\n\n\n<p>Le traitement d\u2019une telle demande sera effectu\u00e9 dans les meilleurs d\u00e9lais, et au plus tard dans un d\u00e9lai de 30 jours \u00e0 compter de votre demande. Si l&#8217;Editeur ne satisfait pas \u00e0 vos demandes, vous disposez du droit d\u2019introduire une r\u00e9clamation aupr\u00e8s de la CNIL.<\/p>\n\n\n\n<h3 class=\"wp-block-heading\">Divers<\/h3>\n\n\n\n<p>En cas de pluralit\u00e9 de versions de la pr\u00e9sente Politique, seule la version fran\u00e7aise fera foi.<\/p>\n","protected":false},"excerpt":{"rendered":"<p>D\u00e9finitions Les termes utilis\u00e9s ont la d\u00e9finition suiva [&hellip;]<\/p>\n","protected":false},"author":1,"featured_media":0,"parent":1863,"menu_order":8,"comment_status":"closed","ping_status":"closed","template":"","meta":{"inline_featured_image":false,"csbAdvScrollBarCursor":"","ocean_post_layout":"","ocean_both_sidebars_style":"","ocean_both_sidebars_content_width":0,"ocean_both_sidebars_sidebars_width":0,"ocean_sidebar":"","ocean_second_sidebar":"","ocean_disable_margins":"enable","ocean_add_body_class":"","ocean_shortcode_before_top_bar":"","ocean_shortcode_after_top_bar":"","ocean_shortcode_before_header":"","ocean_shortcode_after_header":"","ocean_has_shortcode":"","ocean_shortcode_after_title":"","ocean_shortcode_before_footer_widgets":"","ocean_shortcode_after_footer_widgets":"","ocean_shortcode_before_footer_bottom":"","ocean_shortcode_after_footer_bottom":"","ocean_display_top_bar":"default","ocean_display_header":"default","ocean_header_style":"","ocean_center_header_left_menu":"","ocean_custom_header_template":"","ocean_custom_logo":0,"ocean_custom_retina_logo":0,"ocean_custom_logo_max_width":0,"ocean_custom_logo_tablet_max_width":0,"ocean_custom_logo_mobile_max_width":0,"ocean_custom_logo_max_height":0,"ocean_custom_logo_tablet_max_height":0,"ocean_custom_logo_mobile_max_height":0,"ocean_header_custom_menu":"","ocean_menu_typo_font_family":"","ocean_menu_typo_font_subset":"","ocean_menu_typo_font_size":0,"ocean_menu_typo_font_size_tablet":0,"ocean_menu_typo_font_size_mobile":0,"ocean_menu_typo_font_size_unit":"px","ocean_menu_typo_font_weight":"","ocean_menu_typo_font_weight_tablet":"","ocean_menu_typo_font_weight_mobile":"","ocean_menu_typo_transform":"","ocean_menu_typo_transform_tablet":"","ocean_menu_typo_transform_mobile":"","ocean_menu_typo_line_height":0,"ocean_menu_typo_line_height_tablet":0,"ocean_menu_typo_line_height_mobile":0,"ocean_menu_typo_line_height_unit":"","ocean_menu_typo_spacing":0,"ocean_menu_typo_spacing_tablet":0,"ocean_menu_typo_spacing_mobile":0,"ocean_menu_typo_spacing_unit":"","ocean_menu_link_color":"","ocean_menu_link_color_hover":"","ocean_menu_link_color_active":"","ocean_menu_link_background":"","ocean_menu_link_hover_background":"","ocean_menu_link_active_background":"","ocean_menu_social_links_bg":"","ocean_menu_social_hover_links_bg":"","ocean_menu_social_links_color":"","ocean_menu_social_hover_links_color":"","ocean_disable_title":"default","ocean_disable_heading":"default","ocean_post_title":"","ocean_post_subheading":"","ocean_post_title_style":"","ocean_post_title_background_color":"","ocean_post_title_background":0,"ocean_post_title_bg_image_position":"","ocean_post_title_bg_image_attachment":"","ocean_post_title_bg_image_repeat":"","ocean_post_title_bg_image_size":"","ocean_post_title_height":0,"ocean_post_title_bg_overlay":0.5,"ocean_post_title_bg_overlay_color":"","ocean_disable_breadcrumbs":"default","ocean_breadcrumbs_color":"","ocean_breadcrumbs_separator_color":"","ocean_breadcrumbs_links_color":"","ocean_breadcrumbs_links_hover_color":"","ocean_display_footer_widgets":"default","ocean_display_footer_bottom":"default","ocean_custom_footer_template":"","footnotes":""},"class_list":["post-4198","page","type-page","status-publish","hentry","entry"],"_links":{"self":[{"href":"https:\/\/genuinewines.com\/cn\/wp-json\/wp\/v2\/pages\/4198","targetHints":{"allow":["GET"]}}],"collection":[{"href":"https:\/\/genuinewines.com\/cn\/wp-json\/wp\/v2\/pages"}],"about":[{"href":"https:\/\/genuinewines.com\/cn\/wp-json\/wp\/v2\/types\/page"}],"author":[{"embeddable":true,"href":"https:\/\/genuinewines.com\/cn\/wp-json\/wp\/v2\/users\/1"}],"replies":[{"embeddable":true,"href":"https:\/\/genuinewines.com\/cn\/wp-json\/wp\/v2\/comments?post=4198"}],"version-history":[{"count":2,"href":"https:\/\/genuinewines.com\/cn\/wp-json\/wp\/v2\/pages\/4198\/revisions"}],"predecessor-version":[{"id":4203,"href":"https:\/\/genuinewines.com\/cn\/wp-json\/wp\/v2\/pages\/4198\/revisions\/4203"}],"up":[{"embeddable":true,"href":"https:\/\/genuinewines.com\/cn\/wp-json\/wp\/v2\/pages\/1863"}],"wp:attachment":[{"href":"https:\/\/genuinewines.com\/cn\/wp-json\/wp\/v2\/media?parent=4198"}],"curies":[{"name":"wp","href":"https:\/\/api.w.org\/{rel}","templated":true}]}}