{"id":3718,"date":"2020-12-21T16:19:35","date_gmt":"2020-12-21T15:19:35","guid":{"rendered":"https:\/\/genuinewines.com\/en\/?page_id=3718"},"modified":"2021-03-26T16:01:10","modified_gmt":"2021-03-26T15:01:10","slug":"cooking-with-tunia-civitella-in-val-di-chiana-tuscany","status":"publish","type":"page","link":"http:\/\/genuinewines.com\/en\/cooking-with-genuine-wines\/cooking-with-tunia-civitella-in-val-di-chiana-tuscany\/","title":{"rendered":"Cooking with TUNIA &#8211; Civitella in Val di Chiana, Tuscany"},"content":{"rendered":"\n<h2 class=\"has-text-align-center has-central-palette-4-color has-central-palette-3-background-color has-text-color has-background wp-block-heading\" style=\"font-size:50px\"><strong>SART\u00d9 DI RISO<\/strong><\/h2>\n\n\n\n<p>Sart\u00f9 di Riso is is a typical slowly cooked, hearty Neapolitan recipe handed down by <a href=\"https:\/\/genuinewines.com\/en\/domaines\/tunia-arezzo-tuscany\/\">TUNIA<\/a> vigneronne Francesca&#8217;s grandmother. It is one of the typical dishes of the holidays.  In essence, it is a crispy stuffed-rice dish; prepared Carnaroli rice is moulded and filled with peas, Buffalo Mozzarella, sausages, and a rag\u00f9 made with fried meatballs and sausages, then baked in the oven.  The exterior is crunchy and the melted mozzarella rag\u00f9 mixture oozes out of the interior upon the first slice, each portion served topped with more rag\u00f9.  The ultimate comfort food.  <\/p>\n\n\n\n<figure class=\"wp-block-image size-large\"><img decoding=\"async\" src=\"https:\/\/mcusercontent.com\/8cc45cf08bf7beaf6f607b870\/images\/9778bfb0-76ef-4704-852c-aa279478028d.png\" alt=\"\"\/><\/figure>\n\n\n\n<h2 class=\"wp-block-heading\"><span style=\"text-decoration: underline;\">Ingredients<\/span><\/h2>\n\n\n\n<p><em>NB: Quantities are for 5 people<\/em><\/p>\n\n\n\n<p><strong>1) Fried Meat Balls (polpettine&nbsp;che poi vanno fritte)<\/strong><\/p>\n\n\n\n<ul class=\"wp-block-list\"><li>200g in total, of ground pork and beef <\/li><li>80g day old bread, softened in milk<\/li><li>1 egg<\/li><li>Salt and pepper<\/li><li>40g Grated Parmigiano cheese<\/li><li>Olive Oil for frying the meat balls<\/li><\/ul>\n\n\n\n<p><strong>2) Rag\u00f9<\/strong><\/p>\n\n\n\n<ul class=\"wp-block-list\"><li>2 Wild pork sausage&nbsp;(TUNIA uses <strong>salsiccia di maiale grigio del Casentino<\/strong>)&nbsp;<\/li><li>1 liter of plain tomato sauce<\/li><li>1 Onion<\/li><li>125ml of Contrappunto Red Wine <\/li><li>Salt and pepper &#8211;&nbsp;to season<\/li><\/ul>\n\n\n\n<p>3) <strong>Sart\u00f9<\/strong><\/p>\n\n\n\n<ul class=\"wp-block-list\"><li>400g Carnaroli Rice <\/li><li>Chicken stock &#8211; about 1 litre  &#8211; to cook rice<\/li><li>2 More Wild pork sausages&nbsp;(TUNIA uses <strong>salsiccia di maiale grigio del Casentino<\/strong>)<\/li><li>200g Frozen Peas<\/li><li>One Buffalo Mozzarella &#8211; no exceptions<\/li><li>One Egg<\/li><li>40 g Grated Parmigiano cheese<\/li><li>Salt and pepper to taste<\/li><li>50g butter (to grease baking dish)<\/li><\/ul>\n\n\n\n<h2 class=\"wp-block-heading\"><span style=\"text-decoration: underline;\">Instructions<\/span><\/h2>\n\n\n\n<p>Preheat the Oven to 180\u00b0C.<\/p>\n\n\n\n<p><strong>The Meat Balls<\/strong><\/p>\n\n\n\n<p>Start by making the meat balls.  Mix ground pork and beef, grated Parmigiano cheese, bread, egg, salt and pepper to taste.  Shape into balls.  Fry in olive oil.  Set aside.  These will be added to the rag\u00f9 sauce.<\/p>\n\n\n\n<figure class=\"wp-block-image size-large\"><img decoding=\"async\" src=\"https:\/\/mcusercontent.com\/8cc45cf08bf7beaf6f607b870\/images\/2559e362-c003-47f7-96da-6578547a5521.png\" alt=\"\"\/><\/figure>\n\n\n\n<p><strong>The Rag\u00f9!<\/strong><\/p>\n\n\n\n<p>With these meatballs, and some Casentino pork sausage (from wild pigs) prepare the rag\u00f9, the tomato meat sauce.<\/p>\n\n\n\n<p>In a frying pan, fry a diced onion in olive oil, and add the red wine.  Reduce slightly, and add in two of the wild pork sausages (removed from casings) until brown.  Add in tomato sauce, and meat balls.  Season with Salt and pepper.  Set aside.<\/p>\n\n\n\n<figure class=\"wp-block-image size-large\"><img decoding=\"async\" src=\"https:\/\/mcusercontent.com\/8cc45cf08bf7beaf6f607b870\/images\/082a3520-ad64-49b2-808c-0ca8e8c607c2.png\" alt=\"\"\/><\/figure>\n\n\n\n<p><strong>Building the Sart\u00f9<\/strong><\/p>\n\n\n\n<p>Cook the rice, like risotto, with the chicken stock.  <\/p>\n\n\n\n<figure class=\"wp-block-image size-large\"><img decoding=\"async\" src=\"https:\/\/mcusercontent.com\/8cc45cf08bf7beaf6f607b870\/images\/406c88e6-8b65-425f-a67b-7ed2c87318a0.png\" alt=\"\"\/><\/figure>\n\n\n\n<p>While the rice is cooking, cook the frozen peas with the remaining two sausages, removed from their casings.<\/p>\n\n\n\n<figure class=\"wp-block-image size-large\"><img decoding=\"async\" src=\"https:\/\/mcusercontent.com\/8cc45cf08bf7beaf6f607b870\/images\/a6e121be-d806-4862-8917-a27f856bc6ef.png\" alt=\"\"\/><\/figure>\n\n\n\n<p>Cut up a whole mozzarella cheese, strictly <strong>Buffalo<\/strong> Mozzarella!!!<\/p>\n\n\n\n<figure class=\"wp-block-image size-large\"><img decoding=\"async\" src=\"https:\/\/mcusercontent.com\/8cc45cf08bf7beaf6f607b870\/images\/e831dfe1-323d-4098-ad18-c65c20568558.png\" alt=\"\"\/><\/figure>\n\n\n\n<p>Once the rice is cooked, wait for it to cool.  Add an egg, which is essential to give it firmness during cooking in the oven.<\/p>\n\n\n\n<p>Line the dish on the bottom and sides first with butter, then sprinkle with breadcrumbs.  Then line with rice.  And finally &#8211; the stuffing!  Put inside all the &#8220;stuffing&#8221;: mozzarella, peas, meatballs and sausage rag\u00f9 &#8211; all mixed together.  Reserve a portion of rag\u00f9 aside to top the Sart\u00f9 after cooking.<\/p>\n\n\n\n<p>At this point add a final layer of rice to seal the top.  Sprinkle breadcrumbs and some slices of butter.<\/p>\n\n\n\n<figure class=\"wp-block-image size-large\"><img decoding=\"async\" src=\"https:\/\/mcusercontent.com\/8cc45cf08bf7beaf6f607b870\/images\/e95e652f-1b6c-4fd3-b5e4-5b1f18f99144.png\" alt=\"\"\/><\/figure>\n\n\n\n<p>Half an hour in the oven at 180\u00b0C and this is the result:<\/p>\n\n\n\n<figure class=\"wp-block-image size-large\"><img decoding=\"async\" src=\"https:\/\/mcusercontent.com\/8cc45cf08bf7beaf6f607b870\/images\/a4b163e4-f348-4127-924e-a710c9435650.png\" alt=\"\"\/><\/figure>\n\n\n\n<p>Top with another bit of meat sauce on top, which never hurts, and voil\u00e0, ready to be eaten accompanied by Countrappunto!<\/p>\n\n\n\n<figure class=\"wp-block-image size-large\"><img decoding=\"async\" src=\"https:\/\/mcusercontent.com\/8cc45cf08bf7beaf6f607b870\/images\/bfeeb936-2327-41b9-a020-afc409faaf8e.png\" alt=\"\"\/><\/figure>\n","protected":false},"excerpt":{"rendered":"<p>SART\u00d9 DI RISO Sart\u00f9 di Riso is is a typical slowly cooked, hearty Neapolitan recipe handed down by TUNIA vigneronne Francesca&#8217;s grandmother. It is one of the typical dishes of the holidays. In essence, it is a crispy stuffed-rice dish; prepared Carnaroli rice is moulded and filled with peas, Buffalo Mozzarella, sausages, and a rag\u00f9 [&hellip;]<\/p>\n","protected":false},"author":2,"featured_media":0,"parent":3697,"menu_order":0,"comment_status":"closed","ping_status":"closed","template":"","meta":{"inline_featured_image":false,"csbAdvScrollBarCursor":"","ocean_post_layout":"left-sidebar","ocean_both_sidebars_style":"","ocean_both_sidebars_content_width":0,"ocean_both_sidebars_sidebars_width":0,"ocean_sidebar":"ocs-sidebar-recipes-pages","ocean_second_sidebar":"0","ocean_disable_margins":"enable","ocean_add_body_class":"","ocean_shortcode_before_top_bar":"","ocean_shortcode_after_top_bar":"","ocean_shortcode_before_header":"","ocean_shortcode_after_header":"","ocean_has_shortcode":"","ocean_shortcode_after_title":"","ocean_shortcode_before_footer_widgets":"","ocean_shortcode_after_footer_widgets":"","ocean_shortcode_before_footer_bottom":"","ocean_shortcode_after_footer_bottom":"","ocean_display_top_bar":"default","ocean_display_header":"default","ocean_header_style":"","ocean_center_header_left_menu":"0","ocean_custom_header_template":"0","ocean_custom_logo":0,"ocean_custom_retina_logo":0,"ocean_custom_logo_max_width":0,"ocean_custom_logo_tablet_max_width":0,"ocean_custom_logo_mobile_max_width":0,"ocean_custom_logo_max_height":0,"ocean_custom_logo_tablet_max_height":0,"ocean_custom_logo_mobile_max_height":0,"ocean_header_custom_menu":"0","ocean_menu_typo_font_family":"0","ocean_menu_typo_font_subset":"","ocean_menu_typo_font_size":0,"ocean_menu_typo_font_size_tablet":0,"ocean_menu_typo_font_size_mobile":0,"ocean_menu_typo_font_size_unit":"px","ocean_menu_typo_font_weight":"","ocean_menu_typo_font_weight_tablet":"","ocean_menu_typo_font_weight_mobile":"","ocean_menu_typo_transform":"","ocean_menu_typo_transform_tablet":"","ocean_menu_typo_transform_mobile":"","ocean_menu_typo_line_height":0,"ocean_menu_typo_line_height_tablet":0,"ocean_menu_typo_line_height_mobile":0,"ocean_menu_typo_line_height_unit":"","ocean_menu_typo_spacing":0,"ocean_menu_typo_spacing_tablet":0,"ocean_menu_typo_spacing_mobile":0,"ocean_menu_typo_spacing_unit":"","ocean_menu_link_color":"","ocean_menu_link_color_hover":"","ocean_menu_link_color_active":"","ocean_menu_link_background":"","ocean_menu_link_hover_background":"","ocean_menu_link_active_background":"","ocean_menu_social_links_bg":"","ocean_menu_social_hover_links_bg":"","ocean_menu_social_links_color":"","ocean_menu_social_hover_links_color":"","ocean_disable_title":"default","ocean_disable_heading":"default","ocean_post_title":"","ocean_post_subheading":"","ocean_post_title_style":"","ocean_post_title_background_color":"","ocean_post_title_background":0,"ocean_post_title_bg_image_position":"","ocean_post_title_bg_image_attachment":"","ocean_post_title_bg_image_repeat":"","ocean_post_title_bg_image_size":"","ocean_post_title_height":0,"ocean_post_title_bg_overlay":0.5,"ocean_post_title_bg_overlay_color":"","ocean_disable_breadcrumbs":"default","ocean_breadcrumbs_color":"","ocean_breadcrumbs_separator_color":"","ocean_breadcrumbs_links_color":"","ocean_breadcrumbs_links_hover_color":"","ocean_display_footer_widgets":"default","ocean_display_footer_bottom":"default","ocean_custom_footer_template":"0","footnotes":""},"class_list":["post-3718","page","type-page","status-publish","hentry","entry"],"yoast_head":"<!-- This site is optimized with the Yoast SEO plugin v27.4 - https:\/\/yoast.com\/product\/yoast-seo-wordpress\/ -->\n<title>Cooking with TUNIA - Civitella in Val di Chiana, Tuscany &#8226; Genuine Wines<\/title>\n<meta name=\"description\" content=\"Cooking with TUNIA \u2013 Civitella in Val di Chiana, Tuscany : SART\u00d9 DI RISO\" \/>\n<meta name=\"robots\" content=\"index, follow, max-snippet:-1, max-image-preview:large, max-video-preview:-1\" \/>\n<link rel=\"canonical\" href=\"http:\/\/genuinewines.com\/en\/cooking-with-genuine-wines\/cooking-with-tunia-civitella-in-val-di-chiana-tuscany\/\" \/>\n<meta property=\"og:locale\" content=\"en_GB\" \/>\n<meta property=\"og:type\" content=\"article\" \/>\n<meta property=\"og:title\" content=\"Cooking with TUNIA - Civitella in Val di Chiana, Tuscany &#8226; Genuine Wines\" \/>\n<meta property=\"og:description\" content=\"Cooking with TUNIA \u2013 Civitella in Val di Chiana, Tuscany : SART\u00d9 DI RISO\" \/>\n<meta property=\"og:url\" content=\"http:\/\/genuinewines.com\/en\/cooking-with-genuine-wines\/cooking-with-tunia-civitella-in-val-di-chiana-tuscany\/\" \/>\n<meta property=\"og:site_name\" content=\"Genuine Wines\" \/>\n<meta property=\"article:publisher\" content=\"https:\/\/www.facebook.com\/GenuineWines\/\" \/>\n<meta property=\"article:modified_time\" content=\"2021-03-26T15:01:10+00:00\" \/>\n<meta property=\"og:image\" content=\"https:\/\/mcusercontent.com\/8cc45cf08bf7beaf6f607b870\/images\/9778bfb0-76ef-4704-852c-aa279478028d.png\" \/>\n<meta name=\"twitter:label1\" content=\"Estimated reading time\" \/>\n\t<meta name=\"twitter:data1\" content=\"5 minutes\" \/>\n<script type=\"application\/ld+json\" class=\"yoast-schema-graph\">{\"@context\":\"https:\\\/\\\/schema.org\",\"@graph\":[{\"@type\":\"WebPage\",\"@id\":\"http:\\\/\\\/genuinewines.com\\\/en\\\/cooking-with-genuine-wines\\\/cooking-with-tunia-civitella-in-val-di-chiana-tuscany\\\/\",\"url\":\"http:\\\/\\\/genuinewines.com\\\/en\\\/cooking-with-genuine-wines\\\/cooking-with-tunia-civitella-in-val-di-chiana-tuscany\\\/\",\"name\":\"Cooking with TUNIA - Civitella in Val di Chiana, Tuscany &#8226; Genuine Wines\",\"isPartOf\":{\"@id\":\"https:\\\/\\\/genuinewines.com\\\/en\\\/#website\"},\"primaryImageOfPage\":{\"@id\":\"http:\\\/\\\/genuinewines.com\\\/en\\\/cooking-with-genuine-wines\\\/cooking-with-tunia-civitella-in-val-di-chiana-tuscany\\\/#primaryimage\"},\"image\":{\"@id\":\"http:\\\/\\\/genuinewines.com\\\/en\\\/cooking-with-genuine-wines\\\/cooking-with-tunia-civitella-in-val-di-chiana-tuscany\\\/#primaryimage\"},\"thumbnailUrl\":\"https:\\\/\\\/mcusercontent.com\\\/8cc45cf08bf7beaf6f607b870\\\/images\\\/9778bfb0-76ef-4704-852c-aa279478028d.png\",\"datePublished\":\"2020-12-21T15:19:35+00:00\",\"dateModified\":\"2021-03-26T15:01:10+00:00\",\"description\":\"Cooking with TUNIA \u2013 Civitella in Val di Chiana, Tuscany : SART\u00d9 DI RISO\",\"breadcrumb\":{\"@id\":\"http:\\\/\\\/genuinewines.com\\\/en\\\/cooking-with-genuine-wines\\\/cooking-with-tunia-civitella-in-val-di-chiana-tuscany\\\/#breadcrumb\"},\"inLanguage\":\"en-GB\",\"potentialAction\":[{\"@type\":\"ReadAction\",\"target\":[\"http:\\\/\\\/genuinewines.com\\\/en\\\/cooking-with-genuine-wines\\\/cooking-with-tunia-civitella-in-val-di-chiana-tuscany\\\/\"]}]},{\"@type\":\"ImageObject\",\"inLanguage\":\"en-GB\",\"@id\":\"http:\\\/\\\/genuinewines.com\\\/en\\\/cooking-with-genuine-wines\\\/cooking-with-tunia-civitella-in-val-di-chiana-tuscany\\\/#primaryimage\",\"url\":\"https:\\\/\\\/mcusercontent.com\\\/8cc45cf08bf7beaf6f607b870\\\/images\\\/9778bfb0-76ef-4704-852c-aa279478028d.png\",\"contentUrl\":\"https:\\\/\\\/mcusercontent.com\\\/8cc45cf08bf7beaf6f607b870\\\/images\\\/9778bfb0-76ef-4704-852c-aa279478028d.png\"},{\"@type\":\"BreadcrumbList\",\"@id\":\"http:\\\/\\\/genuinewines.com\\\/en\\\/cooking-with-genuine-wines\\\/cooking-with-tunia-civitella-in-val-di-chiana-tuscany\\\/#breadcrumb\",\"itemListElement\":[{\"@type\":\"ListItem\",\"position\":1,\"name\":\"Home\",\"item\":\"http:\\\/\\\/genuinewines.com\\\/en\\\/\"},{\"@type\":\"ListItem\",\"position\":2,\"name\":\"Cooking with Genuine Wines\",\"item\":\"https:\\\/\\\/genuinewines.com\\\/en\\\/cooking-with-genuine-wines\\\/\"},{\"@type\":\"ListItem\",\"position\":3,\"name\":\"Cooking with TUNIA &#8211; Civitella in Val di Chiana, Tuscany\"}]},{\"@type\":\"WebSite\",\"@id\":\"https:\\\/\\\/genuinewines.com\\\/en\\\/#website\",\"url\":\"https:\\\/\\\/genuinewines.com\\\/en\\\/\",\"name\":\"Genuine Wines\",\"description\":\"English language version of Genuine Wines website\",\"publisher\":{\"@id\":\"https:\\\/\\\/genuinewines.com\\\/en\\\/#organization\"},\"potentialAction\":[{\"@type\":\"SearchAction\",\"target\":{\"@type\":\"EntryPoint\",\"urlTemplate\":\"https:\\\/\\\/genuinewines.com\\\/en\\\/?s={search_term_string}\"},\"query-input\":{\"@type\":\"PropertyValueSpecification\",\"valueRequired\":true,\"valueName\":\"search_term_string\"}}],\"inLanguage\":\"en-GB\"},{\"@type\":\"Organization\",\"@id\":\"https:\\\/\\\/genuinewines.com\\\/en\\\/#organization\",\"name\":\"Genuine Wines\",\"url\":\"https:\\\/\\\/genuinewines.com\\\/en\\\/\",\"logo\":{\"@type\":\"ImageObject\",\"inLanguage\":\"en-GB\",\"@id\":\"https:\\\/\\\/genuinewines.com\\\/en\\\/#\\\/schema\\\/logo\\\/image\\\/\",\"url\":\"http:\\\/\\\/genuinewines.com\\\/en\\\/wp-content\\\/uploads\\\/sites\\\/3\\\/2025\\\/09\\\/Logo_noir_GenuineWines.svg\",\"contentUrl\":\"http:\\\/\\\/genuinewines.com\\\/en\\\/wp-content\\\/uploads\\\/sites\\\/3\\\/2025\\\/09\\\/Logo_noir_GenuineWines.svg\",\"caption\":\"Genuine Wines\"},\"image\":{\"@id\":\"https:\\\/\\\/genuinewines.com\\\/en\\\/#\\\/schema\\\/logo\\\/image\\\/\"},\"sameAs\":[\"https:\\\/\\\/www.facebook.com\\\/GenuineWines\\\/\",\"https:\\\/\\\/www.instagram.com\\\/genuinewines\\\/\",\"https:\\\/\\\/www.linkedin.com\\\/company\\\/27114733\\\/\"]}]}<\/script>\n<!-- \/ Yoast SEO plugin. -->","yoast_head_json":{"title":"Cooking with TUNIA - Civitella in Val di Chiana, Tuscany &#8226; Genuine Wines","description":"Cooking with TUNIA \u2013 Civitella in Val di Chiana, Tuscany : SART\u00d9 DI RISO","robots":{"index":"index","follow":"follow","max-snippet":"max-snippet:-1","max-image-preview":"max-image-preview:large","max-video-preview":"max-video-preview:-1"},"canonical":"http:\/\/genuinewines.com\/en\/cooking-with-genuine-wines\/cooking-with-tunia-civitella-in-val-di-chiana-tuscany\/","og_locale":"en_GB","og_type":"article","og_title":"Cooking with TUNIA - Civitella in Val di Chiana, Tuscany &#8226; Genuine Wines","og_description":"Cooking with TUNIA \u2013 Civitella in Val di Chiana, Tuscany : SART\u00d9 DI RISO","og_url":"http:\/\/genuinewines.com\/en\/cooking-with-genuine-wines\/cooking-with-tunia-civitella-in-val-di-chiana-tuscany\/","og_site_name":"Genuine Wines","article_publisher":"https:\/\/www.facebook.com\/GenuineWines\/","article_modified_time":"2021-03-26T15:01:10+00:00","og_image":[{"url":"https:\/\/mcusercontent.com\/8cc45cf08bf7beaf6f607b870\/images\/9778bfb0-76ef-4704-852c-aa279478028d.png","type":"","width":"","height":""}],"twitter_misc":{"Estimated reading time":"5 minutes"},"schema":{"@context":"https:\/\/schema.org","@graph":[{"@type":"WebPage","@id":"http:\/\/genuinewines.com\/en\/cooking-with-genuine-wines\/cooking-with-tunia-civitella-in-val-di-chiana-tuscany\/","url":"http:\/\/genuinewines.com\/en\/cooking-with-genuine-wines\/cooking-with-tunia-civitella-in-val-di-chiana-tuscany\/","name":"Cooking with TUNIA - Civitella in Val di Chiana, Tuscany &#8226; Genuine Wines","isPartOf":{"@id":"https:\/\/genuinewines.com\/en\/#website"},"primaryImageOfPage":{"@id":"http:\/\/genuinewines.com\/en\/cooking-with-genuine-wines\/cooking-with-tunia-civitella-in-val-di-chiana-tuscany\/#primaryimage"},"image":{"@id":"http:\/\/genuinewines.com\/en\/cooking-with-genuine-wines\/cooking-with-tunia-civitella-in-val-di-chiana-tuscany\/#primaryimage"},"thumbnailUrl":"https:\/\/mcusercontent.com\/8cc45cf08bf7beaf6f607b870\/images\/9778bfb0-76ef-4704-852c-aa279478028d.png","datePublished":"2020-12-21T15:19:35+00:00","dateModified":"2021-03-26T15:01:10+00:00","description":"Cooking with TUNIA \u2013 Civitella in Val di Chiana, Tuscany : SART\u00d9 DI RISO","breadcrumb":{"@id":"http:\/\/genuinewines.com\/en\/cooking-with-genuine-wines\/cooking-with-tunia-civitella-in-val-di-chiana-tuscany\/#breadcrumb"},"inLanguage":"en-GB","potentialAction":[{"@type":"ReadAction","target":["http:\/\/genuinewines.com\/en\/cooking-with-genuine-wines\/cooking-with-tunia-civitella-in-val-di-chiana-tuscany\/"]}]},{"@type":"ImageObject","inLanguage":"en-GB","@id":"http:\/\/genuinewines.com\/en\/cooking-with-genuine-wines\/cooking-with-tunia-civitella-in-val-di-chiana-tuscany\/#primaryimage","url":"https:\/\/mcusercontent.com\/8cc45cf08bf7beaf6f607b870\/images\/9778bfb0-76ef-4704-852c-aa279478028d.png","contentUrl":"https:\/\/mcusercontent.com\/8cc45cf08bf7beaf6f607b870\/images\/9778bfb0-76ef-4704-852c-aa279478028d.png"},{"@type":"BreadcrumbList","@id":"http:\/\/genuinewines.com\/en\/cooking-with-genuine-wines\/cooking-with-tunia-civitella-in-val-di-chiana-tuscany\/#breadcrumb","itemListElement":[{"@type":"ListItem","position":1,"name":"Home","item":"http:\/\/genuinewines.com\/en\/"},{"@type":"ListItem","position":2,"name":"Cooking with Genuine Wines","item":"https:\/\/genuinewines.com\/en\/cooking-with-genuine-wines\/"},{"@type":"ListItem","position":3,"name":"Cooking with TUNIA &#8211; Civitella in Val di Chiana, Tuscany"}]},{"@type":"WebSite","@id":"https:\/\/genuinewines.com\/en\/#website","url":"https:\/\/genuinewines.com\/en\/","name":"Genuine Wines","description":"English language version of Genuine Wines website","publisher":{"@id":"https:\/\/genuinewines.com\/en\/#organization"},"potentialAction":[{"@type":"SearchAction","target":{"@type":"EntryPoint","urlTemplate":"https:\/\/genuinewines.com\/en\/?s={search_term_string}"},"query-input":{"@type":"PropertyValueSpecification","valueRequired":true,"valueName":"search_term_string"}}],"inLanguage":"en-GB"},{"@type":"Organization","@id":"https:\/\/genuinewines.com\/en\/#organization","name":"Genuine Wines","url":"https:\/\/genuinewines.com\/en\/","logo":{"@type":"ImageObject","inLanguage":"en-GB","@id":"https:\/\/genuinewines.com\/en\/#\/schema\/logo\/image\/","url":"http:\/\/genuinewines.com\/en\/wp-content\/uploads\/sites\/3\/2025\/09\/Logo_noir_GenuineWines.svg","contentUrl":"http:\/\/genuinewines.com\/en\/wp-content\/uploads\/sites\/3\/2025\/09\/Logo_noir_GenuineWines.svg","caption":"Genuine Wines"},"image":{"@id":"https:\/\/genuinewines.com\/en\/#\/schema\/logo\/image\/"},"sameAs":["https:\/\/www.facebook.com\/GenuineWines\/","https:\/\/www.instagram.com\/genuinewines\/","https:\/\/www.linkedin.com\/company\/27114733\/"]}]}},"_links":{"self":[{"href":"http:\/\/genuinewines.com\/en\/wp-json\/wp\/v2\/pages\/3718","targetHints":{"allow":["GET"]}}],"collection":[{"href":"http:\/\/genuinewines.com\/en\/wp-json\/wp\/v2\/pages"}],"about":[{"href":"http:\/\/genuinewines.com\/en\/wp-json\/wp\/v2\/types\/page"}],"author":[{"embeddable":true,"href":"http:\/\/genuinewines.com\/en\/wp-json\/wp\/v2\/users\/2"}],"replies":[{"embeddable":true,"href":"http:\/\/genuinewines.com\/en\/wp-json\/wp\/v2\/comments?post=3718"}],"version-history":[{"count":9,"href":"http:\/\/genuinewines.com\/en\/wp-json\/wp\/v2\/pages\/3718\/revisions"}],"predecessor-version":[{"id":4221,"href":"http:\/\/genuinewines.com\/en\/wp-json\/wp\/v2\/pages\/3718\/revisions\/4221"}],"up":[{"embeddable":true,"href":"http:\/\/genuinewines.com\/en\/wp-json\/wp\/v2\/pages\/3697"}],"wp:attachment":[{"href":"http:\/\/genuinewines.com\/en\/wp-json\/wp\/v2\/media?parent=3718"}],"curies":[{"name":"wp","href":"https:\/\/api.w.org\/{rel}","templated":true}]}}